{"id":33,"date":"2022-02-16T10:28:34","date_gmt":"2022-02-16T09:28:34","guid":{"rendered":"https:\/\/nrsud.fr\/?page_id=33"},"modified":"2025-11-18T11:18:06","modified_gmt":"2025-11-18T10:18:06","slug":"stage-initiation","status":"publish","type":"page","link":"https:\/\/nrsud.fr\/index.php\/stage-initiation\/","title":{"rendered":"Stage d&rsquo;immersion"},"content":{"rendered":"<h3>Formulaire d&rsquo;inscription<\/h3>\n<p>Inscrivez-vous \u00e0 un stage d&rsquo;immersion afin de conforter votre projet professionnel.<\/p>\n<p>L\u2019\u00e9cole vous accueille tous les mercredis matin.<\/p>\n<p>D\u00e9couvrez les ateliers, \u00e9changez avec les \u00e9l\u00e8ves et l\u2019\u00e9quipe encadrante.<\/p>\n<p style=\"text-align: center;\"><a href=\"https:\/\/nrsud.fr\/index.php\/politique-de-confidentialite\/\">Acc\u00e9der \u00e0 la politique de confidentiali\u00e9<\/a><\/p>\n<p><b>Contact <\/b><strong>:<\/strong><\/p>\n<ul>\n<li dir=\"ltr\" style=\"list-style-type: disc; font-size: 11pt; font-family: Arial; color: #877e7a; background-color: transparent; font-weight: 400; font-style: normal; font-variant: normal; text-decoration: none; vertical-align: baseline; white-space: pre;\" aria-level=\"1\"><strong> Email : <a href=\"mailto:administration@nrsud.fr\">administration@nrsud.fr<\/a><\/strong><\/li>\n<li dir=\"ltr\" style=\"list-style-type: disc; font-size: 11pt; font-family: Arial; color: #877e7a; background-color: transparent; font-weight: 400; font-style: normal; font-variant: normal; text-decoration: none; vertical-align: baseline; white-space: pre;\" aria-level=\"1\"><strong> Directrice : Carinne Schivre<\/strong><\/li>\n<\/ul>\n<p><!-- You can use open graph tags to customize link previews. Learn more: https:\/\/developers.facebook.com\/docs\/sharing\/webmasters --><\/p>\n<h4>Nos r\u00e9seaux<\/h4>\n<p><a href=\"https:\/\/www.facebook.com\/NRSud\" target=\"_blank\" rel=\"noopener\"><br \/>\nFacebook<br \/>\n<\/a><br \/>\n<a href=\"https:\/\/twitter.com\/NRSud13\" target=\"_blank\" rel=\"noopener\"><br \/>\nTwitter<br \/>\n<\/a><br \/>\n<a href=\"https:\/\/www.linkedin.com\/in\/nrsud-l-ecole-de-production-des-%C3%A9nergies-du-sud-43b416230\/\" target=\"_blank\" rel=\"noopener\"><br \/>\nLinkedin<br \/>\n<\/a><br \/>\n<a href=\"http:\/\/www.pinterest.com\/NRSud13\" target=\"_blank\" rel=\"noopener\"><br \/>\nPinterest<br \/>\n<\/a><br \/>\n<a href=\"https:\/\/www.instagram.com\/nrsud13\/\" target=\"_blank\" rel=\"noopener\"><br \/>\nInstagram<br \/>\n<\/a><br \/>\n<iframe title=\"162-164 chemin de la Madrague Ville, 13015 Marseille\" src=\"https:\/\/maps.google.com\/maps?q=162-164%20chemin%20de%20la%20Madrague%20Ville%2C%2013015%20Marseille&amp;t=m&amp;z=13&amp;output=embed&amp;iwloc=near\" aria-label=\"162-164 chemin de la Madrague Ville, 13015 Marseille\"><\/iframe><\/p>\n<h2>Nos formations<\/h2>\n<h3>Formation CAP<\/h3>\n<p>En savoir plus sur cette formation<\/p>\n<h3>Formulaire du CAP \u00e9lectricien<\/h3>\n<p>Retrouvez le formulaire et toutes les informations<br \/>\nCliquez ici<\/p>\n<h3>Votre avenir commence maintenant avec NRSud formation !<\/h3>\n<p><img loading=\"lazy\" decoding=\"async\" src=\"https:\/\/nrsud.fr\/wp-content\/uploads\/2022\/11\/logo_nrsud_ecole.png\" sizes=\"(max-width: 686px) 100vw, 686px\" srcset=\"https:\/\/nrsud.fr\/wp-content\/uploads\/2022\/11\/logo_nrsud_ecole.png 686w, https:\/\/nrsud.fr\/wp-content\/uploads\/2022\/11\/logo_nrsud_ecole-300x122.png 300w\" alt=\"\" width=\"686\" height=\"278\" \/><\/p>\n","protected":false},"excerpt":{"rendered":"<p>Formulaire d&rsquo;inscription Inscrivez-vous \u00e0 un stage d&rsquo;immersion afin de conforter votre projet professionnel. L\u2019\u00e9cole vous accueille tous les mercredis matin. D\u00e9couvrez les ateliers, \u00e9changez avec les \u00e9l\u00e8ves et l\u2019\u00e9quipe encadrante. Acc\u00e9der \u00e0 la politique de confidentiali\u00e9 Contact : Email : administration@nrsud.fr Directrice : Carinne Schivre Nos r\u00e9seaux Facebook Twitter Linkedin Pinterest Instagram Nos formations Formation [&hellip;]<\/p>\n","protected":false},"author":1,"featured_media":0,"parent":0,"menu_order":0,"comment_status":"closed","ping_status":"closed","template":"","meta":{"saved_in_kubio":false,"footnotes":""},"class_list":["post-33","page","type-page","status-publish","hentry"],"kubio_ai_page_context":{"short_desc":"","purpose":"general"},"yoast_head":"<!-- This site is optimized with the Yoast SEO plugin v27.4 - https:\/\/yoast.com\/product\/yoast-seo-wordpress\/ -->\n<title>Stage d&#039;immersion - NRSud<\/title>\n<meta name=\"description\" content=\"Contactez-nous par Email sur NRSud.fr , l&#039;\u00e9cole des apprentis professionnels du solaire du CAP au bac Professionnel\" \/>\n<meta name=\"robots\" content=\"index, follow, max-snippet:-1, max-image-preview:large, max-video-preview:-1\" \/>\n<link rel=\"canonical\" href=\"https:\/\/nrsud.fr\/index.php\/stage-initiation\/\" \/>\n<meta property=\"og:locale\" content=\"fr_FR\" \/>\n<meta property=\"og:type\" content=\"article\" \/>\n<meta property=\"og:title\" content=\"Stage d&#039;immersion - NRSud\" \/>\n<meta property=\"og:description\" content=\"Contactez-nous par Email sur NRSud.fr , l&#039;\u00e9cole des apprentis professionnels du solaire du CAP au bac Professionnel\" \/>\n<meta property=\"og:url\" content=\"https:\/\/nrsud.fr\/index.php\/stage-initiation\/\" \/>\n<meta property=\"og:site_name\" content=\"NRSud\" \/>\n<meta property=\"article:publisher\" content=\"https:\/\/www.facebook.com\/NRSud-lEcole-de-Production-des-Energies-du-Sud-112808044644179\" \/>\n<meta property=\"article:modified_time\" content=\"2025-11-18T10:18:06+00:00\" \/>\n<meta property=\"og:image\" content=\"https:\/\/nrsud.fr\/wp-content\/uploads\/2022\/11\/logo_nrsud_ecole.png\" \/>\n<meta name=\"twitter:card\" content=\"summary_large_image\" \/>\n<meta name=\"twitter:site\" content=\"@NRSud13\" \/>\n<meta name=\"twitter:label1\" content=\"Dur\u00e9e de lecture estim\u00e9e\" \/>\n\t<meta name=\"twitter:data1\" content=\"2 minutes\" \/>\n<script type=\"application\/ld+json\" class=\"yoast-schema-graph\">{\"@context\":\"https:\\\/\\\/schema.org\",\"@graph\":[{\"@type\":\"WebPage\",\"@id\":\"https:\\\/\\\/nrsud.fr\\\/index.php\\\/stage-initiation\\\/\",\"url\":\"https:\\\/\\\/nrsud.fr\\\/index.php\\\/stage-initiation\\\/\",\"name\":\"Stage d'immersion - NRSud\",\"isPartOf\":{\"@id\":\"https:\\\/\\\/nrsud.fr\\\/#website\"},\"primaryImageOfPage\":{\"@id\":\"https:\\\/\\\/nrsud.fr\\\/index.php\\\/stage-initiation\\\/#primaryimage\"},\"image\":{\"@id\":\"https:\\\/\\\/nrsud.fr\\\/index.php\\\/stage-initiation\\\/#primaryimage\"},\"thumbnailUrl\":\"https:\\\/\\\/nrsud.fr\\\/wp-content\\\/uploads\\\/2022\\\/11\\\/logo_nrsud_ecole.png\",\"datePublished\":\"2022-02-16T09:28:34+00:00\",\"dateModified\":\"2025-11-18T10:18:06+00:00\",\"description\":\"Contactez-nous par Email sur NRSud.fr , l'\u00e9cole des apprentis professionnels du solaire du CAP au bac Professionnel\",\"breadcrumb\":{\"@id\":\"https:\\\/\\\/nrsud.fr\\\/index.php\\\/stage-initiation\\\/#breadcrumb\"},\"inLanguage\":\"fr-FR\",\"potentialAction\":[{\"@type\":\"ReadAction\",\"target\":[\"https:\\\/\\\/nrsud.fr\\\/index.php\\\/stage-initiation\\\/\"]}]},{\"@type\":\"ImageObject\",\"inLanguage\":\"fr-FR\",\"@id\":\"https:\\\/\\\/nrsud.fr\\\/index.php\\\/stage-initiation\\\/#primaryimage\",\"url\":\"\",\"contentUrl\":\"\"},{\"@type\":\"BreadcrumbList\",\"@id\":\"https:\\\/\\\/nrsud.fr\\\/index.php\\\/stage-initiation\\\/#breadcrumb\",\"itemListElement\":[{\"@type\":\"ListItem\",\"position\":1,\"name\":\"Accueil\",\"item\":\"https:\\\/\\\/nrsud.fr\\\/\"},{\"@type\":\"ListItem\",\"position\":2,\"name\":\"Stage d&rsquo;immersion\"}]},{\"@type\":\"WebSite\",\"@id\":\"https:\\\/\\\/nrsud.fr\\\/#website\",\"url\":\"https:\\\/\\\/nrsud.fr\\\/\",\"name\":\"NRSud\",\"description\":\"\",\"publisher\":{\"@id\":\"https:\\\/\\\/nrsud.fr\\\/#organization\"},\"potentialAction\":[{\"@type\":\"SearchAction\",\"target\":{\"@type\":\"EntryPoint\",\"urlTemplate\":\"https:\\\/\\\/nrsud.fr\\\/?s={search_term_string}\"},\"query-input\":{\"@type\":\"PropertyValueSpecification\",\"valueRequired\":true,\"valueName\":\"search_term_string\"}}],\"inLanguage\":\"fr-FR\"},{\"@type\":\"Organization\",\"@id\":\"https:\\\/\\\/nrsud.fr\\\/#organization\",\"name\":\"NRSud l'\u00e9cole des \u00e9nergies propres\",\"url\":\"https:\\\/\\\/nrsud.fr\\\/\",\"logo\":{\"@type\":\"ImageObject\",\"inLanguage\":\"fr-FR\",\"@id\":\"https:\\\/\\\/nrsud.fr\\\/#\\\/schema\\\/logo\\\/image\\\/\",\"url\":\"http:\\\/\\\/nrsud.fr\\\/wp-content\\\/uploads\\\/2022\\\/02\\\/NRSud_COBRANDING_LOGO_baseline.png\",\"contentUrl\":\"http:\\\/\\\/nrsud.fr\\\/wp-content\\\/uploads\\\/2022\\\/02\\\/NRSud_COBRANDING_LOGO_baseline.png\",\"width\":1579,\"height\":334,\"caption\":\"NRSud l'\u00e9cole des \u00e9nergies propres\"},\"image\":{\"@id\":\"https:\\\/\\\/nrsud.fr\\\/#\\\/schema\\\/logo\\\/image\\\/\"},\"sameAs\":[\"https:\\\/\\\/www.facebook.com\\\/NRSud-lEcole-de-Production-des-Energies-du-Sud-112808044644179\",\"https:\\\/\\\/x.com\\\/NRSud13\",\"https:\\\/\\\/www.instagram.com\\\/nrsud13\\\/\",\"https:\\\/\\\/www.linkedin.com\\\/company\\\/nrsud\\\/\",\"https:\\\/\\\/pin.it\\\/2RYk5pm\"]}]}<\/script>\n<!-- \/ Yoast SEO plugin. -->","yoast_head_json":{"title":"Stage d'immersion - NRSud","description":"Contactez-nous par Email sur NRSud.fr , l'\u00e9cole des apprentis professionnels du solaire du CAP au bac Professionnel","robots":{"index":"index","follow":"follow","max-snippet":"max-snippet:-1","max-image-preview":"max-image-preview:large","max-video-preview":"max-video-preview:-1"},"canonical":"https:\/\/nrsud.fr\/index.php\/stage-initiation\/","og_locale":"fr_FR","og_type":"article","og_title":"Stage d'immersion - NRSud","og_description":"Contactez-nous par Email sur NRSud.fr , l'\u00e9cole des apprentis professionnels du solaire du CAP au bac Professionnel","og_url":"https:\/\/nrsud.fr\/index.php\/stage-initiation\/","og_site_name":"NRSud","article_publisher":"https:\/\/www.facebook.com\/NRSud-lEcole-de-Production-des-Energies-du-Sud-112808044644179","article_modified_time":"2025-11-18T10:18:06+00:00","og_image":[{"url":"https:\/\/nrsud.fr\/wp-content\/uploads\/2022\/11\/logo_nrsud_ecole.png","type":"","width":"","height":""}],"twitter_card":"summary_large_image","twitter_site":"@NRSud13","twitter_misc":{"Dur\u00e9e de lecture estim\u00e9e":"2 minutes"},"schema":{"@context":"https:\/\/schema.org","@graph":[{"@type":"WebPage","@id":"https:\/\/nrsud.fr\/index.php\/stage-initiation\/","url":"https:\/\/nrsud.fr\/index.php\/stage-initiation\/","name":"Stage d'immersion - NRSud","isPartOf":{"@id":"https:\/\/nrsud.fr\/#website"},"primaryImageOfPage":{"@id":"https:\/\/nrsud.fr\/index.php\/stage-initiation\/#primaryimage"},"image":{"@id":"https:\/\/nrsud.fr\/index.php\/stage-initiation\/#primaryimage"},"thumbnailUrl":"https:\/\/nrsud.fr\/wp-content\/uploads\/2022\/11\/logo_nrsud_ecole.png","datePublished":"2022-02-16T09:28:34+00:00","dateModified":"2025-11-18T10:18:06+00:00","description":"Contactez-nous par Email sur NRSud.fr , l'\u00e9cole des apprentis professionnels du solaire du CAP au bac Professionnel","breadcrumb":{"@id":"https:\/\/nrsud.fr\/index.php\/stage-initiation\/#breadcrumb"},"inLanguage":"fr-FR","potentialAction":[{"@type":"ReadAction","target":["https:\/\/nrsud.fr\/index.php\/stage-initiation\/"]}]},{"@type":"ImageObject","inLanguage":"fr-FR","@id":"https:\/\/nrsud.fr\/index.php\/stage-initiation\/#primaryimage","url":"","contentUrl":""},{"@type":"BreadcrumbList","@id":"https:\/\/nrsud.fr\/index.php\/stage-initiation\/#breadcrumb","itemListElement":[{"@type":"ListItem","position":1,"name":"Accueil","item":"https:\/\/nrsud.fr\/"},{"@type":"ListItem","position":2,"name":"Stage d&rsquo;immersion"}]},{"@type":"WebSite","@id":"https:\/\/nrsud.fr\/#website","url":"https:\/\/nrsud.fr\/","name":"NRSud","description":"","publisher":{"@id":"https:\/\/nrsud.fr\/#organization"},"potentialAction":[{"@type":"SearchAction","target":{"@type":"EntryPoint","urlTemplate":"https:\/\/nrsud.fr\/?s={search_term_string}"},"query-input":{"@type":"PropertyValueSpecification","valueRequired":true,"valueName":"search_term_string"}}],"inLanguage":"fr-FR"},{"@type":"Organization","@id":"https:\/\/nrsud.fr\/#organization","name":"NRSud l'\u00e9cole des \u00e9nergies propres","url":"https:\/\/nrsud.fr\/","logo":{"@type":"ImageObject","inLanguage":"fr-FR","@id":"https:\/\/nrsud.fr\/#\/schema\/logo\/image\/","url":"http:\/\/nrsud.fr\/wp-content\/uploads\/2022\/02\/NRSud_COBRANDING_LOGO_baseline.png","contentUrl":"http:\/\/nrsud.fr\/wp-content\/uploads\/2022\/02\/NRSud_COBRANDING_LOGO_baseline.png","width":1579,"height":334,"caption":"NRSud l'\u00e9cole des \u00e9nergies propres"},"image":{"@id":"https:\/\/nrsud.fr\/#\/schema\/logo\/image\/"},"sameAs":["https:\/\/www.facebook.com\/NRSud-lEcole-de-Production-des-Energies-du-Sud-112808044644179","https:\/\/x.com\/NRSud13","https:\/\/www.instagram.com\/nrsud13\/","https:\/\/www.linkedin.com\/company\/nrsud\/","https:\/\/pin.it\/2RYk5pm"]}]}},"_links":{"self":[{"href":"https:\/\/nrsud.fr\/index.php\/wp-json\/wp\/v2\/pages\/33","targetHints":{"allow":["GET"]}}],"collection":[{"href":"https:\/\/nrsud.fr\/index.php\/wp-json\/wp\/v2\/pages"}],"about":[{"href":"https:\/\/nrsud.fr\/index.php\/wp-json\/wp\/v2\/types\/page"}],"author":[{"embeddable":true,"href":"https:\/\/nrsud.fr\/index.php\/wp-json\/wp\/v2\/users\/1"}],"replies":[{"embeddable":true,"href":"https:\/\/nrsud.fr\/index.php\/wp-json\/wp\/v2\/comments?post=33"}],"version-history":[{"count":11,"href":"https:\/\/nrsud.fr\/index.php\/wp-json\/wp\/v2\/pages\/33\/revisions"}],"predecessor-version":[{"id":3309,"href":"https:\/\/nrsud.fr\/index.php\/wp-json\/wp\/v2\/pages\/33\/revisions\/3309"}],"wp:attachment":[{"href":"https:\/\/nrsud.fr\/index.php\/wp-json\/wp\/v2\/media?parent=33"}],"curies":[{"name":"wp","href":"https:\/\/api.w.org\/{rel}","templated":true}]}}