{"id":74,"date":"2022-02-16T14:09:15","date_gmt":"2022-02-16T13:09:15","guid":{"rendered":"http:\/\/nrsud.fr\/?page_id=74"},"modified":"2025-06-20T12:18:44","modified_gmt":"2025-06-20T10:18:44","slug":"formation-cap-electricien-marseille","status":"publish","type":"page","link":"https:\/\/nrsud.fr\/index.php\/formation-cap-electricien-marseille\/","title":{"rendered":"Formation : CAP \u00e9lectricien"},"content":{"rendered":"\n\n\n\n","protected":false},"excerpt":{"rendered":"","protected":false},"author":1,"featured_media":0,"parent":0,"menu_order":0,"comment_status":"closed","ping_status":"closed","template":"elementor_header_footer","meta":{"saved_in_kubio":true,"footnotes":""},"class_list":["post-74","page","type-page","status-publish","hentry"],"kubio_ai_page_context":{"short_desc":"","purpose":"general"},"yoast_head":"<!-- This site is optimized with the Yoast SEO plugin v27.4 - https:\/\/yoast.com\/product\/yoast-seo-wordpress\/ -->\n<title>Formation : CAP \u00e9lectricien - NRSud<\/title>\n<meta name=\"description\" content=\"Formez-vous au m\u00e9tier d&#039;\u00e9lectricien sp\u00e9cialis\u00e9 dans l&#039;\u00e9nergie solaire. Inscrivez-vous \u00e0 notre formation CAP \u00e9lectricien 100% financ\u00e9e sur Marseille !\" \/>\n<meta name=\"robots\" content=\"index, follow, max-snippet:-1, max-image-preview:large, max-video-preview:-1\" \/>\n<link rel=\"canonical\" href=\"https:\/\/nrsud.fr\/index.php\/formation-cap-electricien-marseille\/\" \/>\n<meta property=\"og:locale\" content=\"fr_FR\" \/>\n<meta property=\"og:type\" content=\"article\" \/>\n<meta property=\"og:title\" content=\"Formation : CAP \u00e9lectricien - NRSud\" \/>\n<meta property=\"og:description\" content=\"Formez-vous au m\u00e9tier d&#039;\u00e9lectricien sp\u00e9cialis\u00e9 dans l&#039;\u00e9nergie solaire. Inscrivez-vous \u00e0 notre formation CAP \u00e9lectricien 100% financ\u00e9e sur Marseille !\" \/>\n<meta property=\"og:url\" content=\"https:\/\/nrsud.fr\/index.php\/formation-cap-electricien-marseille\/\" \/>\n<meta property=\"og:site_name\" content=\"NRSud\" \/>\n<meta property=\"article:publisher\" content=\"https:\/\/www.facebook.com\/NRSud-lEcole-de-Production-des-Energies-du-Sud-112808044644179\" \/>\n<meta property=\"article:modified_time\" content=\"2025-06-20T10:18:44+00:00\" \/>\n<meta name=\"twitter:card\" content=\"summary_large_image\" \/>\n<meta name=\"twitter:site\" content=\"@NRSud13\" \/>\n<meta name=\"twitter:label1\" content=\"Dur\u00e9e de lecture estim\u00e9e\" \/>\n\t<meta name=\"twitter:data1\" content=\"3 minutes\" \/>\n<script type=\"application\/ld+json\" class=\"yoast-schema-graph\">{\"@context\":\"https:\\\/\\\/schema.org\",\"@graph\":[{\"@type\":\"WebPage\",\"@id\":\"https:\\\/\\\/nrsud.fr\\\/index.php\\\/formation-cap-electricien-marseille\\\/\",\"url\":\"https:\\\/\\\/nrsud.fr\\\/index.php\\\/formation-cap-electricien-marseille\\\/\",\"name\":\"Formation : CAP \u00e9lectricien - NRSud\",\"isPartOf\":{\"@id\":\"https:\\\/\\\/nrsud.fr\\\/#website\"},\"datePublished\":\"2022-02-16T13:09:15+00:00\",\"dateModified\":\"2025-06-20T10:18:44+00:00\",\"description\":\"Formez-vous au m\u00e9tier d'\u00e9lectricien sp\u00e9cialis\u00e9 dans l'\u00e9nergie solaire. Inscrivez-vous \u00e0 notre formation CAP \u00e9lectricien 100% financ\u00e9e sur Marseille !\",\"breadcrumb\":{\"@id\":\"https:\\\/\\\/nrsud.fr\\\/index.php\\\/formation-cap-electricien-marseille\\\/#breadcrumb\"},\"inLanguage\":\"fr-FR\",\"potentialAction\":[{\"@type\":\"ReadAction\",\"target\":[\"https:\\\/\\\/nrsud.fr\\\/index.php\\\/formation-cap-electricien-marseille\\\/\"]}]},{\"@type\":\"BreadcrumbList\",\"@id\":\"https:\\\/\\\/nrsud.fr\\\/index.php\\\/formation-cap-electricien-marseille\\\/#breadcrumb\",\"itemListElement\":[{\"@type\":\"ListItem\",\"position\":1,\"name\":\"Accueil\",\"item\":\"https:\\\/\\\/nrsud.fr\\\/\"},{\"@type\":\"ListItem\",\"position\":2,\"name\":\"Formation : CAP \u00e9lectricien\"}]},{\"@type\":\"WebSite\",\"@id\":\"https:\\\/\\\/nrsud.fr\\\/#website\",\"url\":\"https:\\\/\\\/nrsud.fr\\\/\",\"name\":\"NRSud\",\"description\":\"\",\"publisher\":{\"@id\":\"https:\\\/\\\/nrsud.fr\\\/#organization\"},\"potentialAction\":[{\"@type\":\"SearchAction\",\"target\":{\"@type\":\"EntryPoint\",\"urlTemplate\":\"https:\\\/\\\/nrsud.fr\\\/?s={search_term_string}\"},\"query-input\":{\"@type\":\"PropertyValueSpecification\",\"valueRequired\":true,\"valueName\":\"search_term_string\"}}],\"inLanguage\":\"fr-FR\"},{\"@type\":\"Organization\",\"@id\":\"https:\\\/\\\/nrsud.fr\\\/#organization\",\"name\":\"NRSud l'\u00e9cole des \u00e9nergies propres\",\"url\":\"https:\\\/\\\/nrsud.fr\\\/\",\"logo\":{\"@type\":\"ImageObject\",\"inLanguage\":\"fr-FR\",\"@id\":\"https:\\\/\\\/nrsud.fr\\\/#\\\/schema\\\/logo\\\/image\\\/\",\"url\":\"http:\\\/\\\/nrsud.fr\\\/wp-content\\\/uploads\\\/2022\\\/02\\\/NRSud_COBRANDING_LOGO_baseline.png\",\"contentUrl\":\"http:\\\/\\\/nrsud.fr\\\/wp-content\\\/uploads\\\/2022\\\/02\\\/NRSud_COBRANDING_LOGO_baseline.png\",\"width\":1579,\"height\":334,\"caption\":\"NRSud l'\u00e9cole des \u00e9nergies propres\"},\"image\":{\"@id\":\"https:\\\/\\\/nrsud.fr\\\/#\\\/schema\\\/logo\\\/image\\\/\"},\"sameAs\":[\"https:\\\/\\\/www.facebook.com\\\/NRSud-lEcole-de-Production-des-Energies-du-Sud-112808044644179\",\"https:\\\/\\\/x.com\\\/NRSud13\",\"https:\\\/\\\/www.instagram.com\\\/nrsud13\\\/\",\"https:\\\/\\\/www.linkedin.com\\\/company\\\/nrsud\\\/\",\"https:\\\/\\\/pin.it\\\/2RYk5pm\"]}]}<\/script>\n<!-- \/ Yoast SEO plugin. -->","yoast_head_json":{"title":"Formation : CAP \u00e9lectricien - NRSud","description":"Formez-vous au m\u00e9tier d'\u00e9lectricien sp\u00e9cialis\u00e9 dans l'\u00e9nergie solaire. Inscrivez-vous \u00e0 notre formation CAP \u00e9lectricien 100% financ\u00e9e sur Marseille !","robots":{"index":"index","follow":"follow","max-snippet":"max-snippet:-1","max-image-preview":"max-image-preview:large","max-video-preview":"max-video-preview:-1"},"canonical":"https:\/\/nrsud.fr\/index.php\/formation-cap-electricien-marseille\/","og_locale":"fr_FR","og_type":"article","og_title":"Formation : CAP \u00e9lectricien - NRSud","og_description":"Formez-vous au m\u00e9tier d'\u00e9lectricien sp\u00e9cialis\u00e9 dans l'\u00e9nergie solaire. Inscrivez-vous \u00e0 notre formation CAP \u00e9lectricien 100% financ\u00e9e sur Marseille !","og_url":"https:\/\/nrsud.fr\/index.php\/formation-cap-electricien-marseille\/","og_site_name":"NRSud","article_publisher":"https:\/\/www.facebook.com\/NRSud-lEcole-de-Production-des-Energies-du-Sud-112808044644179","article_modified_time":"2025-06-20T10:18:44+00:00","twitter_card":"summary_large_image","twitter_site":"@NRSud13","twitter_misc":{"Dur\u00e9e de lecture estim\u00e9e":"3 minutes"},"schema":{"@context":"https:\/\/schema.org","@graph":[{"@type":"WebPage","@id":"https:\/\/nrsud.fr\/index.php\/formation-cap-electricien-marseille\/","url":"https:\/\/nrsud.fr\/index.php\/formation-cap-electricien-marseille\/","name":"Formation : CAP \u00e9lectricien - NRSud","isPartOf":{"@id":"https:\/\/nrsud.fr\/#website"},"datePublished":"2022-02-16T13:09:15+00:00","dateModified":"2025-06-20T10:18:44+00:00","description":"Formez-vous au m\u00e9tier d'\u00e9lectricien sp\u00e9cialis\u00e9 dans l'\u00e9nergie solaire. Inscrivez-vous \u00e0 notre formation CAP \u00e9lectricien 100% financ\u00e9e sur Marseille !","breadcrumb":{"@id":"https:\/\/nrsud.fr\/index.php\/formation-cap-electricien-marseille\/#breadcrumb"},"inLanguage":"fr-FR","potentialAction":[{"@type":"ReadAction","target":["https:\/\/nrsud.fr\/index.php\/formation-cap-electricien-marseille\/"]}]},{"@type":"BreadcrumbList","@id":"https:\/\/nrsud.fr\/index.php\/formation-cap-electricien-marseille\/#breadcrumb","itemListElement":[{"@type":"ListItem","position":1,"name":"Accueil","item":"https:\/\/nrsud.fr\/"},{"@type":"ListItem","position":2,"name":"Formation : CAP \u00e9lectricien"}]},{"@type":"WebSite","@id":"https:\/\/nrsud.fr\/#website","url":"https:\/\/nrsud.fr\/","name":"NRSud","description":"","publisher":{"@id":"https:\/\/nrsud.fr\/#organization"},"potentialAction":[{"@type":"SearchAction","target":{"@type":"EntryPoint","urlTemplate":"https:\/\/nrsud.fr\/?s={search_term_string}"},"query-input":{"@type":"PropertyValueSpecification","valueRequired":true,"valueName":"search_term_string"}}],"inLanguage":"fr-FR"},{"@type":"Organization","@id":"https:\/\/nrsud.fr\/#organization","name":"NRSud l'\u00e9cole des \u00e9nergies propres","url":"https:\/\/nrsud.fr\/","logo":{"@type":"ImageObject","inLanguage":"fr-FR","@id":"https:\/\/nrsud.fr\/#\/schema\/logo\/image\/","url":"http:\/\/nrsud.fr\/wp-content\/uploads\/2022\/02\/NRSud_COBRANDING_LOGO_baseline.png","contentUrl":"http:\/\/nrsud.fr\/wp-content\/uploads\/2022\/02\/NRSud_COBRANDING_LOGO_baseline.png","width":1579,"height":334,"caption":"NRSud l'\u00e9cole des \u00e9nergies propres"},"image":{"@id":"https:\/\/nrsud.fr\/#\/schema\/logo\/image\/"},"sameAs":["https:\/\/www.facebook.com\/NRSud-lEcole-de-Production-des-Energies-du-Sud-112808044644179","https:\/\/x.com\/NRSud13","https:\/\/www.instagram.com\/nrsud13\/","https:\/\/www.linkedin.com\/company\/nrsud\/","https:\/\/pin.it\/2RYk5pm"]}]}},"_links":{"self":[{"href":"https:\/\/nrsud.fr\/index.php\/wp-json\/wp\/v2\/pages\/74","targetHints":{"allow":["GET"]}}],"collection":[{"href":"https:\/\/nrsud.fr\/index.php\/wp-json\/wp\/v2\/pages"}],"about":[{"href":"https:\/\/nrsud.fr\/index.php\/wp-json\/wp\/v2\/types\/page"}],"author":[{"embeddable":true,"href":"https:\/\/nrsud.fr\/index.php\/wp-json\/wp\/v2\/users\/1"}],"replies":[{"embeddable":true,"href":"https:\/\/nrsud.fr\/index.php\/wp-json\/wp\/v2\/comments?post=74"}],"version-history":[{"count":40,"href":"https:\/\/nrsud.fr\/index.php\/wp-json\/wp\/v2\/pages\/74\/revisions"}],"predecessor-version":[{"id":3284,"href":"https:\/\/nrsud.fr\/index.php\/wp-json\/wp\/v2\/pages\/74\/revisions\/3284"}],"wp:attachment":[{"href":"https:\/\/nrsud.fr\/index.php\/wp-json\/wp\/v2\/media?parent=74"}],"curies":[{"name":"wp","href":"https:\/\/api.w.org\/{rel}","templated":true}]}}